{"id":24371,"date":"2019-10-16T20:57:35","date_gmt":"2019-10-16T18:57:35","guid":{"rendered":"https:\/\/asa-samfundet.se\/the-rune-mannar-mannaz-madr\/"},"modified":"2024-11-30T18:49:35","modified_gmt":"2024-11-30T17:49:35","slug":"the-rune-mannar-mannaz-madr","status":"publish","type":"page","link":"https:\/\/asa-samfundet.se\/en\/proto-norse-futhark-elder-futhark\/the-rune-mannar-mannaz-madr\/","title":{"rendered":"THE RUNE: MANNAR \/ MANNAZ \/ MADR"},"content":{"rendered":"\n<div class=\"wp-block-columns is-layout-flex wp-container-core-columns-is-layout-9d6595d7 wp-block-columns-is-layout-flex\">\n<div class=\"wp-block-column is-layout-flow wp-block-column-is-layout-flow\"><div class=\"wp-block-image\">\n<figure data-wp-context=\"{&quot;imageId&quot;:&quot;6a07348b96def&quot;}\" data-wp-interactive=\"core\/image\" data-wp-key=\"6a07348b96def\" class=\"aligncenter size-full wp-lightbox-container\"><img loading=\"lazy\" decoding=\"async\" width=\"250\" height=\"300\" data-wp-class--hide=\"state.isContentHidden\" data-wp-class--show=\"state.isContentVisible\" data-wp-init=\"callbacks.setButtonStyles\" data-wp-on--click=\"actions.showLightbox\" data-wp-on--load=\"callbacks.setButtonStyles\" data-wp-on-window--resize=\"callbacks.setButtonStyles\" src=\"https:\/\/asa-samfundet.se\/wp-content\/uploads\/2019\/10\/lexikon_MADR-MANNAZ.jpg\" alt=\"Rune lexicon: MannaR, Mannaz, Madr\" class=\"wp-image-15713\" title=\"\"><button\n\t\t\tclass=\"lightbox-trigger\"\n\t\t\ttype=\"button\"\n\t\t\taria-haspopup=\"dialog\"\n\t\t\taria-label=\"Enlarge\"\n\t\t\tdata-wp-init=\"callbacks.initTriggerButton\"\n\t\t\tdata-wp-on--click=\"actions.showLightbox\"\n\t\t\tdata-wp-style--right=\"state.imageButtonRight\"\n\t\t\tdata-wp-style--top=\"state.imageButtonTop\"\n\t\t>\n\t\t\t<svg xmlns=\"http:\/\/www.w3.org\/2000\/svg\" width=\"12\" height=\"12\" fill=\"none\" viewBox=\"0 0 12 12\">\n\t\t\t\t<path fill=\"#fff\" d=\"M2 0a2 2 0 0 0-2 2v2h1.5V2a.5.5 0 0 1 .5-.5h2V0H2Zm2 10.5H2a.5.5 0 0 1-.5-.5V8H0v2a2 2 0 0 0 2 2h2v-1.5ZM8 12v-1.5h2a.5.5 0 0 0 .5-.5V8H12v2a2 2 0 0 1-2 2H8Zm2-12a2 2 0 0 1 2 2v2h-1.5V2a.5.5 0 0 0-.5-.5H8V0h2Z\" \/>\n\t\t\t<\/svg>\n\t\t<\/button><\/figure>\n<\/div>\n\n\n<h4 class=\"wp-block-heading has-text-align-center\">Variation on MannaR.<\/h4>\n\n\n\n<p class=\"has-text-align-center\">Click on images to enlarge.<\/p>\n<\/div>\n\n\n\n<div class=\"wp-block-column is-layout-flow wp-block-column-is-layout-flow\">\n<p><strong>Name:<\/strong> MannaR, Mannaz, Madr<br\/><strong>Aettir: <\/strong>Tyr<br\/><strong>Sound value:<\/strong> \/m\/<br\/><strong>Usually associated with:<\/strong> Heimdall.<br\/><strong>Symbolises:<\/strong> Mankind.<\/p>\n\n\n\n<p><strong>Basic meaning:<\/strong><br\/>MannaR derives its basic meaning from its name which means man (human).<\/p>\n\n\n\n<p><strong>The structure of the rune:<\/strong><br\/>The MannaR consists of two main staffs and two bi-staffs, the sbi-staffs start from the top of each main staff, meet in the centre and then attach to the opposite main staff as a tick mark.<\/p>\n\n\n\n<p><strong>The sound value of the rune:<\/strong><br\/>In the Proto-Norse Futhark, MannaR has the sound value \/m\/.<\/p>\n<\/div>\n<\/div>\n\n<h3 class=\"wp-block-heading\"><strong>Rune Poems<\/strong><\/h3>\n\n<p><strong>The three rune poems.<\/strong><br\/>The names and symbolism of the runes are based mainly on three poems, which are the Old Icelandic, the Old Norwegian and the Anglo-Saxon. The Old Icelandic and Old Norwegian rune poems contain only 16 poems because they belong to the Younger Futhark, while the Anglo-Saxon rune poem contains 29 poems because the Anglo-Saxon\/Frisian rune line futhorc contains 29 runes. The Anglo-Saxon rune poems have then been combined with the proto-norse runes that lack Old Icelandic and Old Norwegian rune poems, which is not at all wrong because the Anglo-Saxon futhorc also has the eight runes that lack old nordic poems.  <\/p>\n\n<p><strong>Swedish runic poems.<\/strong><br\/>There is also something called the Swedish rune poems, these arise in connection with rune staves (prim staves rune calendars,), rune staves have been found from the 12th century but the use of rune staves is known from the 5th century.<\/p>\n\n<p>We have also chosen to include the Swedish rune poems, which are 14 verses, each of which contains only one line.<br\/>These were transcribed by the runologist Johannes Bureus in the 16th century from a rune staff believed to be from the same period. We have taken a more normalised text made by Arend Quak in 1987.<br\/>Under the poem marked with \u2018-\u2019 there are representations of meanings and symbols of agricultural life. These meanings and signs are taken from when they were recorded by the early modern researcher Georg Stiernhielm.  <\/p>\n\n<p><strong>The different interpretations, meanings and symbolisms of runes.<\/strong><br\/>You can find all sorts of interpretations and meanings of runes in books and online, all these interpretations, meanings, symbolisms and assumptions are usually based on what the author himself has interpreted the meaning of each rune, based on any or all of the three poems. But each rune has only one basic meaning, which is what the rune name means.  <\/p>\n\n<div class=\"wp-block-columns is-layout-flex wp-container-core-columns-is-layout-9d6595d7 wp-block-columns-is-layout-flex\">\n<div class=\"wp-block-column is-layout-flow wp-block-column-is-layout-flow\">\n<p><strong>Swedish:<\/strong><br\/><em>Mager Mull\u00e4gor<\/em><br\/><em>&#8211; try Lius i.e. gyllen \u00e5hr<\/em><\/p>\n\n\n\n<p><strong>Old Icelandic:<\/strong><em><strong><br\/><\/strong>Ma\u00f0r er manns gaman<br\/>ok moldar auki<br\/>ok skipa skreytir.<br\/>homo mildingr.<br\/><\/em><\/p>\n<\/div>\n\n\n\n<div class=\"wp-block-column is-layout-flow wp-block-column-is-layout-flow\">\n<p><strong>Old Norwegian:<br\/><\/strong><em>Ma\u00f0r er moldar auki;<\/em><br\/><em>mikil er gr\u00e6ip \u00e1 hauki.<\/em><\/p>\n\n\n\n<p><strong>Anglo-Saxon:<br\/><\/strong><em>Man by\u00fe on myrg\u00fee his magan leof:<\/em><br\/><em>sceal \u00feeah anra gehwylc o\u00f0rum swican,<\/em><br\/><em>for\u00f0um drihten wyle dome sine<\/em><br\/><em>\u00fe\u00e6t earme fl\u00e6sc eor\u00fean bet\u00e6can.<\/em><\/p>\n<\/div>\n<\/div>\n\n<div class=\"wp-block-buttons is-content-justification-center is-layout-flex wp-container-core-buttons-is-layout-16018d1d wp-block-buttons-is-layout-flex\">\n<div class=\"wp-block-button is-style-shadow td_btn_large\"><a class=\"wp-block-button__link has-very-dark-gray-color has-very-light-gray-background-color has-text-color has-background wp-element-button\" href=\"https:\/\/asa-samfundet.se\/en\/proto-norse-futhark-elder-futhark\/the-rune-ehwar-ehwaz-eh-eoh-horse-rune\/\"><strong>Back to EhwaR<\/strong><\/a><\/div>\n\n\n\n<div class=\"wp-block-button is-style-shadow td_btn_large\"><a class=\"wp-block-button__link has-very-dark-gray-color has-very-light-gray-background-color has-text-color has-background wp-element-button\" href=\"https:\/\/asa-samfundet.se\/en\/proto-norse-futhark-elder-futhark\/\"><strong>Rune Lexicon<\/strong><\/a><\/div>\n\n\n\n<div class=\"wp-block-button is-style-shadow td_btn_large\"><a class=\"wp-block-button__link has-very-dark-gray-color has-very-light-gray-background-color has-text-color has-background wp-element-button\" href=\"https:\/\/asa-samfundet.se\/en\/proto-norse-futhark-elder-futhark\/the-rune-lagur-laguz-laug-lagu-logr\/\"><strong>Next Rune<\/strong><\/a><\/div>\n<\/div>\n\n<p><\/p>\n","protected":false},"excerpt":{"rendered":"<p>Variation on MannaR. Click on images to enlarge. Name: MannaR, Mannaz, MadrAettir: TyrSound value: \/m\/Usually associated with: Heimdall.Symbolises: Mankind. Basic meaning:MannaR derives its basic meaning from its name which means man (human). The structure of the rune:The MannaR consists of two main staffs and two bi-staffs, the sbi-staffs start from the top of each main [&hellip;]<\/p>\n","protected":false},"author":406,"featured_media":21424,"parent":24455,"menu_order":19,"comment_status":"closed","ping_status":"closed","template":"","meta":{"_uag_custom_page_level_css":"","ngg_post_thumbnail":0,"footnotes":""},"class_list":["post-24371","page","type-page","status-publish","has-post-thumbnail"],"uagb_featured_image_src":{"full":["https:\/\/asa-samfundet.se\/wp-content\/uploads\/2019\/10\/lexikon_MADR-MANNAZ.jpg",250,300,false],"thumbnail":["https:\/\/asa-samfundet.se\/wp-content\/uploads\/2019\/10\/lexikon_MADR-MANNAZ-150x150.jpg",150,150,true],"medium":["https:\/\/asa-samfundet.se\/wp-content\/uploads\/2019\/10\/lexikon_MADR-MANNAZ-250x300.jpg",250,300,true],"medium_large":["https:\/\/asa-samfundet.se\/wp-content\/uploads\/2019\/10\/lexikon_MADR-MANNAZ.jpg",250,300,false],"large":["https:\/\/asa-samfundet.se\/wp-content\/uploads\/2019\/10\/lexikon_MADR-MANNAZ.jpg",250,300,false],"1536x1536":["https:\/\/asa-samfundet.se\/wp-content\/uploads\/2019\/10\/lexikon_MADR-MANNAZ.jpg",250,300,false],"2048x2048":["https:\/\/asa-samfundet.se\/wp-content\/uploads\/2019\/10\/lexikon_MADR-MANNAZ.jpg",250,300,false],"td_0x420":["https:\/\/asa-samfundet.se\/wp-content\/uploads\/2019\/10\/lexikon_MADR-MANNAZ.jpg",250,300,false],"td_80x60":["https:\/\/asa-samfundet.se\/wp-content\/uploads\/2019\/10\/lexikon_MADR-MANNAZ-80x60.jpg",80,60,true],"td_218x150":["https:\/\/asa-samfundet.se\/wp-content\/uploads\/2019\/10\/lexikon_MADR-MANNAZ-218x150.jpg",218,150,true],"td_324x400":["https:\/\/asa-samfundet.se\/wp-content\/uploads\/2019\/10\/lexikon_MADR-MANNAZ.jpg",250,300,false],"td_696x0":["https:\/\/asa-samfundet.se\/wp-content\/uploads\/2019\/10\/lexikon_MADR-MANNAZ.jpg",250,300,false],"td_1068x0":["https:\/\/asa-samfundet.se\/wp-content\/uploads\/2019\/10\/lexikon_MADR-MANNAZ.jpg",250,300,false],"td_100x70":["https:\/\/asa-samfundet.se\/wp-content\/uploads\/2019\/10\/lexikon_MADR-MANNAZ-100x70.jpg",100,70,true],"td_265x198":["https:\/\/asa-samfundet.se\/wp-content\/uploads\/2019\/10\/lexikon_MADR-MANNAZ-250x198.jpg",250,198,true],"td_324x160":["https:\/\/asa-samfundet.se\/wp-content\/uploads\/2019\/10\/lexikon_MADR-MANNAZ-250x160.jpg",250,160,true],"td_324x235":["https:\/\/asa-samfundet.se\/wp-content\/uploads\/2019\/10\/lexikon_MADR-MANNAZ-250x235.jpg",250,235,true],"td_356x220":["https:\/\/asa-samfundet.se\/wp-content\/uploads\/2019\/10\/lexikon_MADR-MANNAZ-250x220.jpg",250,220,true],"td_356x364":["https:\/\/asa-samfundet.se\/wp-content\/uploads\/2019\/10\/lexikon_MADR-MANNAZ.jpg",250,300,false],"td_533x261":["https:\/\/asa-samfundet.se\/wp-content\/uploads\/2019\/10\/lexikon_MADR-MANNAZ-250x261.jpg",250,261,true],"td_534x462":["https:\/\/asa-samfundet.se\/wp-content\/uploads\/2019\/10\/lexikon_MADR-MANNAZ.jpg",250,300,false],"td_696x385":["https:\/\/asa-samfundet.se\/wp-content\/uploads\/2019\/10\/lexikon_MADR-MANNAZ.jpg",250,300,false],"td_741x486":["https:\/\/asa-samfundet.se\/wp-content\/uploads\/2019\/10\/lexikon_MADR-MANNAZ.jpg",250,300,false],"td_1068x580":["https:\/\/asa-samfundet.se\/wp-content\/uploads\/2019\/10\/lexikon_MADR-MANNAZ.jpg",250,300,false],"woocommerce_thumbnail":["https:\/\/asa-samfundet.se\/wp-content\/uploads\/2019\/10\/lexikon_MADR-MANNAZ-250x300.jpg",250,300,true],"woocommerce_single":["https:\/\/asa-samfundet.se\/wp-content\/uploads\/2019\/10\/lexikon_MADR-MANNAZ.jpg",250,300,false],"woocommerce_gallery_thumbnail":["https:\/\/asa-samfundet.se\/wp-content\/uploads\/2019\/10\/lexikon_MADR-MANNAZ-100x100.jpg",100,100,true]},"uagb_author_info":{"display_name":"Frank Ottosson","author_link":"https:\/\/asa-samfundet.se\/en\/author\/knallen80\/"},"uagb_comment_info":0,"uagb_excerpt":"Variation on MannaR. Click on images to enlarge. Name: MannaR, Mannaz, MadrAettir: TyrSound value: \/m\/Usually associated with: Heimdall.Symbolises: Mankind. Basic meaning:MannaR derives its basic meaning from its name which means man (human). The structure of the rune:The MannaR consists of two main staffs and two bi-staffs, the sbi-staffs start from the top of each main&hellip;","_links":{"self":[{"href":"https:\/\/asa-samfundet.se\/en\/wp-json\/wp\/v2\/pages\/24371","targetHints":{"allow":["GET"]}}],"collection":[{"href":"https:\/\/asa-samfundet.se\/en\/wp-json\/wp\/v2\/pages"}],"about":[{"href":"https:\/\/asa-samfundet.se\/en\/wp-json\/wp\/v2\/types\/page"}],"author":[{"embeddable":true,"href":"https:\/\/asa-samfundet.se\/en\/wp-json\/wp\/v2\/users\/406"}],"replies":[{"embeddable":true,"href":"https:\/\/asa-samfundet.se\/en\/wp-json\/wp\/v2\/comments?post=24371"}],"version-history":[{"count":0,"href":"https:\/\/asa-samfundet.se\/en\/wp-json\/wp\/v2\/pages\/24371\/revisions"}],"up":[{"embeddable":true,"href":"https:\/\/asa-samfundet.se\/en\/wp-json\/wp\/v2\/pages\/24455"}],"wp:featuredmedia":[{"embeddable":true,"href":"https:\/\/asa-samfundet.se\/en\/wp-json\/wp\/v2\/media\/21424"}],"wp:attachment":[{"href":"https:\/\/asa-samfundet.se\/en\/wp-json\/wp\/v2\/media?parent=24371"}],"curies":[{"name":"wp","href":"https:\/\/api.w.org\/{rel}","templated":true}]}}